
{"id":2843,"date":"2017-10-13T16:44:23","date_gmt":"2017-10-13T16:44:23","guid":{"rendered":"https:\/\/harleydavidsontoluca.com\/shop\/?post_type=product&#038;p=2843"},"modified":"2025-05-30T15:20:08","modified_gmt":"2025-05-30T20:20:08","slug":"pilot-3-in-1-x04-helmet","status":"publish","type":"product","link":"https:\/\/harleydavidsontoluca.com\/shop\/producto\/pilot-3-in-1-x04-helmet\/","title":{"rendered":"Pilot 3-in-1 X04 Helmet"},"content":{"rendered":"<p>EN CASCOS NO TENEMOS CAMBIOS NI DEVOLUCIONES<\/p>\n<p>Casco con caparaz\u00f3n termopl\u00e1stico, negro mate que<span lang=\"es\"> puede usarse de tres maneras. Para una completa comodidad, agregue la m\u00e1scara y la manga trasera al medio casco. Para una comodidad parcial, agregue la funda trasera. Para usar como casco medio, quite la m\u00e1scara frontal y la manga de la comodidad trasera. Doble correa para la barbilla en forma de D-ring. Ventilaci\u00f3n frontal a la altura del ment\u00f3n. El forro antimicrobiano que absorbe la humedad es extra\u00edble y lavable. Protector solar abatible con protecci\u00f3n UV de 95% y revestimiento antiniebla en ambos lados. Gr\u00e1ficos personalizados en el frente. Bolsa de casco incluida. Peso 1,531 grms. La media carcasa del casco cumple con el est\u00e1ndar de seguridad DOT FMVSS 218, los componentes adicionales son para confort y no proveen ninguna caracter\u00edstica de seguridad.\u00a0<\/span><\/p>\n","protected":false},"excerpt":{"rendered":"<p>EN CASCOS NO TENEMOS CAMBIOS NI DEVOLUCIONES<\/p>\n<p>Casco con caparaz\u00f3n termopl\u00e1stico, negro mate que<span lang=\"es\"> puede usarse de tres maneras. Para una completa comodidad, agregue la m\u00e1scara y la manga trasera al medio casco. Para una comodidad parcial, agregue la funda trasera. Para usar como casco medio, quite la m\u00e1scara frontal y la manga de la comodidad trasera. Protector solar abatible con protecci\u00f3n UV de 95% y revestimiento antiniebla en ambos lados. Gr\u00e1ficos personalizados en el frente. Bolsa de casco incluida. La media carcasa del casco cumple con el est\u00e1ndar de seguridad DOT FMVSS 218, los componentes adicionales son para confort y no proveen ninguna caracter\u00edstica de seguridad.\u00a0<\/span><\/p>\n<p>X04 Repuestos: reemplazo para la carcasa de proteccion solar en Smoke, Clear y Dark smoked. Repuesto funda de confort trasero en Matte Black. Repuesto de mascarilla frontal en Matte Black (perforaciones horizontales o con agujeros) (SE VENDE POR SEPARADO)<\/p>\n","protected":false},"featured_media":39771,"template":"","meta":[],"product_brand":[],"product_cat":[45,24],"product_tag":[],"class_list":{"0":"post-2843","1":"product","2":"type-product","3":"status-publish","4":"has-post-thumbnail","6":"product_cat-cascos","7":"product_cat-hombre","8":"pa_talla-l","9":"pa_talla-m","10":"pa_talla-s","11":"pa_talla-xl","12":"pa_talla-xs","13":"pa_talla-xxl","14":"pa_talla-xxxl","16":"first","17":"instock","18":"taxable","19":"shipping-taxable","20":"purchasable","21":"product-type-variable","22":"has-default-attributes"},"yoast_head":"<!-- This site is optimized with the Yoast SEO plugin v27.4 - https:\/\/yoast.com\/product\/yoast-seo-wordpress\/ -->\n<title>Pilot 3-in-1 X04 Helmet - Tienda oficial H-D Toluca<\/title>\n<meta name=\"robots\" content=\"index, follow, max-snippet:-1, max-image-preview:large, max-video-preview:-1\" \/>\n<link rel=\"canonical\" href=\"https:\/\/harleydavidsontoluca.com\/shop\/producto\/pilot-3-in-1-x04-helmet\/\" \/>\n<meta property=\"og:locale\" content=\"es_MX\" \/>\n<meta property=\"og:type\" content=\"article\" \/>\n<meta property=\"og:title\" content=\"Pilot 3-in-1 X04 Helmet - Tienda oficial H-D Toluca\" \/>\n<meta property=\"og:description\" content=\"EN CASCOS NO TENEMOS CAMBIOS NI DEVOLUCIONES  Casco con caparaz\u00f3n termopl\u00e1stico, negro mate que puede usarse de tres maneras. Para una completa comodidad, agregue la m\u00e1scara y la manga trasera al medio casco. Para una comodidad parcial, agregue la funda trasera. Para usar como casco medio, quite la m\u00e1scara frontal y la manga de la comodidad trasera. Protector solar abatible con protecci\u00f3n UV de 95% y revestimiento antiniebla en ambos lados. Gr\u00e1ficos personalizados en el frente. Bolsa de casco incluida. La media carcasa del casco cumple con el est\u00e1ndar de seguridad DOT FMVSS 218, los componentes adicionales son para confort y no proveen ninguna caracter\u00edstica de seguridad.\u00a0  X04 Repuestos: reemplazo para la carcasa de proteccion solar en Smoke, Clear y Dark smoked. Repuesto funda de confort trasero en Matte Black. Repuesto de mascarilla frontal en Matte Black (perforaciones horizontales o con agujeros) (SE VENDE POR SEPARADO)\" \/>\n<meta property=\"og:url\" content=\"https:\/\/harleydavidsontoluca.com\/shop\/producto\/pilot-3-in-1-x04-helmet\/\" \/>\n<meta property=\"og:site_name\" content=\"Tienda oficial H-D Toluca\" \/>\n<meta property=\"article:publisher\" content=\"https:\/\/www.facebook.com\/HarleyDavidsonToluca\" \/>\n<meta property=\"article:modified_time\" content=\"2025-05-30T20:20:08+00:00\" \/>\n<meta property=\"og:image\" content=\"https:\/\/harleydavidsontoluca.com\/shop\/wp-content\/uploads\/2017\/10\/98193-17VX-1.jpg\" \/>\n\t<meta property=\"og:image:width\" content=\"750\" \/>\n\t<meta property=\"og:image:height\" content=\"789\" \/>\n\t<meta property=\"og:image:type\" content=\"image\/jpeg\" \/>\n<meta name=\"twitter:card\" content=\"summary_large_image\" \/>\n<meta name=\"twitter:label1\" content=\"Tiempo de lectura\" \/>\n\t<meta name=\"twitter:data1\" content=\"1 minuto\" \/>\n<script type=\"application\/ld+json\" class=\"yoast-schema-graph\">{\"@context\":\"https:\\\/\\\/schema.org\",\"@graph\":[{\"@type\":\"WebPage\",\"@id\":\"https:\\\/\\\/harleydavidsontoluca.com\\\/shop\\\/producto\\\/pilot-3-in-1-x04-helmet\\\/\",\"url\":\"https:\\\/\\\/harleydavidsontoluca.com\\\/shop\\\/producto\\\/pilot-3-in-1-x04-helmet\\\/\",\"name\":\"Pilot 3-in-1 X04 Helmet - Tienda oficial H-D Toluca\",\"isPartOf\":{\"@id\":\"https:\\\/\\\/harleydavidsontoluca.com\\\/shop\\\/#website\"},\"primaryImageOfPage\":{\"@id\":\"https:\\\/\\\/harleydavidsontoluca.com\\\/shop\\\/producto\\\/pilot-3-in-1-x04-helmet\\\/#primaryimage\"},\"image\":{\"@id\":\"https:\\\/\\\/harleydavidsontoluca.com\\\/shop\\\/producto\\\/pilot-3-in-1-x04-helmet\\\/#primaryimage\"},\"thumbnailUrl\":\"https:\\\/\\\/harleydavidsontoluca.com\\\/shop\\\/wp-content\\\/uploads\\\/2017\\\/10\\\/98193-17VX-1.jpg\",\"datePublished\":\"2017-10-13T16:44:23+00:00\",\"dateModified\":\"2025-05-30T20:20:08+00:00\",\"breadcrumb\":{\"@id\":\"https:\\\/\\\/harleydavidsontoluca.com\\\/shop\\\/producto\\\/pilot-3-in-1-x04-helmet\\\/#breadcrumb\"},\"inLanguage\":\"es\",\"potentialAction\":[{\"@type\":\"ReadAction\",\"target\":[\"https:\\\/\\\/harleydavidsontoluca.com\\\/shop\\\/producto\\\/pilot-3-in-1-x04-helmet\\\/\"]}]},{\"@type\":\"ImageObject\",\"inLanguage\":\"es\",\"@id\":\"https:\\\/\\\/harleydavidsontoluca.com\\\/shop\\\/producto\\\/pilot-3-in-1-x04-helmet\\\/#primaryimage\",\"url\":\"https:\\\/\\\/harleydavidsontoluca.com\\\/shop\\\/wp-content\\\/uploads\\\/2017\\\/10\\\/98193-17VX-1.jpg\",\"contentUrl\":\"https:\\\/\\\/harleydavidsontoluca.com\\\/shop\\\/wp-content\\\/uploads\\\/2017\\\/10\\\/98193-17VX-1.jpg\",\"width\":750,\"height\":789,\"caption\":\"{\\\"source_sid\\\":\\\"6965460C-581D-46FB-BE76-C106DB56C279_1593196544623\\\",\\\"subsource\\\":\\\"done_button\\\",\\\"uid\\\":\\\"6965460C-581D-46FB-BE76-C106DB56C279_1593196544615\\\",\\\"source\\\":\\\"other\\\",\\\"origin\\\":\\\"gallery\\\"}\"},{\"@type\":\"BreadcrumbList\",\"@id\":\"https:\\\/\\\/harleydavidsontoluca.com\\\/shop\\\/producto\\\/pilot-3-in-1-x04-helmet\\\/#breadcrumb\",\"itemListElement\":[{\"@type\":\"ListItem\",\"position\":1,\"name\":\"Portada\",\"item\":\"https:\\\/\\\/harleydavidsontoluca.com\\\/shop\\\/\"},{\"@type\":\"ListItem\",\"position\":2,\"name\":\"Tienda\",\"item\":\"https:\\\/\\\/harleydavidsontoluca.com\\\/shop\\\/tienda\\\/\"},{\"@type\":\"ListItem\",\"position\":3,\"name\":\"Pilot 3-in-1 X04 Helmet\"}]},{\"@type\":\"WebSite\",\"@id\":\"https:\\\/\\\/harleydavidsontoluca.com\\\/shop\\\/#website\",\"url\":\"https:\\\/\\\/harleydavidsontoluca.com\\\/shop\\\/\",\"name\":\"Shop H-D Toluca\",\"description\":\"Shop H-D Toluca\",\"publisher\":{\"@id\":\"https:\\\/\\\/harleydavidsontoluca.com\\\/shop\\\/#organization\"},\"potentialAction\":[{\"@type\":\"SearchAction\",\"target\":{\"@type\":\"EntryPoint\",\"urlTemplate\":\"https:\\\/\\\/harleydavidsontoluca.com\\\/shop\\\/?s={search_term_string}\"},\"query-input\":{\"@type\":\"PropertyValueSpecification\",\"valueRequired\":true,\"valueName\":\"search_term_string\"}}],\"inLanguage\":\"es\"},{\"@type\":\"Organization\",\"@id\":\"https:\\\/\\\/harleydavidsontoluca.com\\\/shop\\\/#organization\",\"name\":\"Concesionaria Central de Motos\",\"url\":\"https:\\\/\\\/harleydavidsontoluca.com\\\/shop\\\/\",\"logo\":{\"@type\":\"ImageObject\",\"inLanguage\":\"es\",\"@id\":\"https:\\\/\\\/harleydavidsontoluca.com\\\/shop\\\/#\\\/schema\\\/logo\\\/image\\\/\",\"url\":\"https:\\\/\\\/harleydavidsontoluca.com\\\/shop\\\/wp-content\\\/uploads\\\/2024\\\/02\\\/cropped-Logo-512.png\",\"contentUrl\":\"https:\\\/\\\/harleydavidsontoluca.com\\\/shop\\\/wp-content\\\/uploads\\\/2024\\\/02\\\/cropped-Logo-512.png\",\"width\":512,\"height\":512,\"caption\":\"Concesionaria Central de Motos\"},\"image\":{\"@id\":\"https:\\\/\\\/harleydavidsontoluca.com\\\/shop\\\/#\\\/schema\\\/logo\\\/image\\\/\"},\"sameAs\":[\"https:\\\/\\\/www.facebook.com\\\/HarleyDavidsonToluca\",\"https:\\\/\\\/www.instagram.com\\\/hdtoluca\\\/\"]}]}<\/script>\n<!-- \/ Yoast SEO plugin. -->","yoast_head_json":{"title":"Pilot 3-in-1 X04 Helmet - Tienda oficial H-D Toluca","robots":{"index":"index","follow":"follow","max-snippet":"max-snippet:-1","max-image-preview":"max-image-preview:large","max-video-preview":"max-video-preview:-1"},"canonical":"https:\/\/harleydavidsontoluca.com\/shop\/producto\/pilot-3-in-1-x04-helmet\/","og_locale":"es_MX","og_type":"article","og_title":"Pilot 3-in-1 X04 Helmet - Tienda oficial H-D Toluca","og_description":"EN CASCOS NO TENEMOS CAMBIOS NI DEVOLUCIONES  Casco con caparaz\u00f3n termopl\u00e1stico, negro mate que puede usarse de tres maneras. Para una completa comodidad, agregue la m\u00e1scara y la manga trasera al medio casco. Para una comodidad parcial, agregue la funda trasera. Para usar como casco medio, quite la m\u00e1scara frontal y la manga de la comodidad trasera. Protector solar abatible con protecci\u00f3n UV de 95% y revestimiento antiniebla en ambos lados. Gr\u00e1ficos personalizados en el frente. Bolsa de casco incluida. La media carcasa del casco cumple con el est\u00e1ndar de seguridad DOT FMVSS 218, los componentes adicionales son para confort y no proveen ninguna caracter\u00edstica de seguridad.\u00a0  X04 Repuestos: reemplazo para la carcasa de proteccion solar en Smoke, Clear y Dark smoked. Repuesto funda de confort trasero en Matte Black. Repuesto de mascarilla frontal en Matte Black (perforaciones horizontales o con agujeros) (SE VENDE POR SEPARADO)","og_url":"https:\/\/harleydavidsontoluca.com\/shop\/producto\/pilot-3-in-1-x04-helmet\/","og_site_name":"Tienda oficial H-D Toluca","article_publisher":"https:\/\/www.facebook.com\/HarleyDavidsonToluca","article_modified_time":"2025-05-30T20:20:08+00:00","og_image":[{"width":750,"height":789,"url":"https:\/\/harleydavidsontoluca.com\/shop\/wp-content\/uploads\/2017\/10\/98193-17VX-1.jpg","type":"image\/jpeg"}],"twitter_card":"summary_large_image","twitter_misc":{"Tiempo de lectura":"1 minuto"},"schema":{"@context":"https:\/\/schema.org","@graph":[{"@type":"WebPage","@id":"https:\/\/harleydavidsontoluca.com\/shop\/producto\/pilot-3-in-1-x04-helmet\/","url":"https:\/\/harleydavidsontoluca.com\/shop\/producto\/pilot-3-in-1-x04-helmet\/","name":"Pilot 3-in-1 X04 Helmet - Tienda oficial H-D Toluca","isPartOf":{"@id":"https:\/\/harleydavidsontoluca.com\/shop\/#website"},"primaryImageOfPage":{"@id":"https:\/\/harleydavidsontoluca.com\/shop\/producto\/pilot-3-in-1-x04-helmet\/#primaryimage"},"image":{"@id":"https:\/\/harleydavidsontoluca.com\/shop\/producto\/pilot-3-in-1-x04-helmet\/#primaryimage"},"thumbnailUrl":"https:\/\/harleydavidsontoluca.com\/shop\/wp-content\/uploads\/2017\/10\/98193-17VX-1.jpg","datePublished":"2017-10-13T16:44:23+00:00","dateModified":"2025-05-30T20:20:08+00:00","breadcrumb":{"@id":"https:\/\/harleydavidsontoluca.com\/shop\/producto\/pilot-3-in-1-x04-helmet\/#breadcrumb"},"inLanguage":"es","potentialAction":[{"@type":"ReadAction","target":["https:\/\/harleydavidsontoluca.com\/shop\/producto\/pilot-3-in-1-x04-helmet\/"]}]},{"@type":"ImageObject","inLanguage":"es","@id":"https:\/\/harleydavidsontoluca.com\/shop\/producto\/pilot-3-in-1-x04-helmet\/#primaryimage","url":"https:\/\/harleydavidsontoluca.com\/shop\/wp-content\/uploads\/2017\/10\/98193-17VX-1.jpg","contentUrl":"https:\/\/harleydavidsontoluca.com\/shop\/wp-content\/uploads\/2017\/10\/98193-17VX-1.jpg","width":750,"height":789,"caption":"{\"source_sid\":\"6965460C-581D-46FB-BE76-C106DB56C279_1593196544623\",\"subsource\":\"done_button\",\"uid\":\"6965460C-581D-46FB-BE76-C106DB56C279_1593196544615\",\"source\":\"other\",\"origin\":\"gallery\"}"},{"@type":"BreadcrumbList","@id":"https:\/\/harleydavidsontoluca.com\/shop\/producto\/pilot-3-in-1-x04-helmet\/#breadcrumb","itemListElement":[{"@type":"ListItem","position":1,"name":"Portada","item":"https:\/\/harleydavidsontoluca.com\/shop\/"},{"@type":"ListItem","position":2,"name":"Tienda","item":"https:\/\/harleydavidsontoluca.com\/shop\/tienda\/"},{"@type":"ListItem","position":3,"name":"Pilot 3-in-1 X04 Helmet"}]},{"@type":"WebSite","@id":"https:\/\/harleydavidsontoluca.com\/shop\/#website","url":"https:\/\/harleydavidsontoluca.com\/shop\/","name":"Shop H-D Toluca","description":"Shop H-D Toluca","publisher":{"@id":"https:\/\/harleydavidsontoluca.com\/shop\/#organization"},"potentialAction":[{"@type":"SearchAction","target":{"@type":"EntryPoint","urlTemplate":"https:\/\/harleydavidsontoluca.com\/shop\/?s={search_term_string}"},"query-input":{"@type":"PropertyValueSpecification","valueRequired":true,"valueName":"search_term_string"}}],"inLanguage":"es"},{"@type":"Organization","@id":"https:\/\/harleydavidsontoluca.com\/shop\/#organization","name":"Concesionaria Central de Motos","url":"https:\/\/harleydavidsontoluca.com\/shop\/","logo":{"@type":"ImageObject","inLanguage":"es","@id":"https:\/\/harleydavidsontoluca.com\/shop\/#\/schema\/logo\/image\/","url":"https:\/\/harleydavidsontoluca.com\/shop\/wp-content\/uploads\/2024\/02\/cropped-Logo-512.png","contentUrl":"https:\/\/harleydavidsontoluca.com\/shop\/wp-content\/uploads\/2024\/02\/cropped-Logo-512.png","width":512,"height":512,"caption":"Concesionaria Central de Motos"},"image":{"@id":"https:\/\/harleydavidsontoluca.com\/shop\/#\/schema\/logo\/image\/"},"sameAs":["https:\/\/www.facebook.com\/HarleyDavidsonToluca","https:\/\/www.instagram.com\/hdtoluca\/"]}]}},"_links":{"self":[{"href":"https:\/\/harleydavidsontoluca.com\/shop\/wp-json\/wp\/v2\/product\/2843","targetHints":{"allow":["GET"]}}],"collection":[{"href":"https:\/\/harleydavidsontoluca.com\/shop\/wp-json\/wp\/v2\/product"}],"about":[{"href":"https:\/\/harleydavidsontoluca.com\/shop\/wp-json\/wp\/v2\/types\/product"}],"wp:featuredmedia":[{"embeddable":true,"href":"https:\/\/harleydavidsontoluca.com\/shop\/wp-json\/wp\/v2\/media\/39771"}],"wp:attachment":[{"href":"https:\/\/harleydavidsontoluca.com\/shop\/wp-json\/wp\/v2\/media?parent=2843"}],"wp:term":[{"taxonomy":"product_brand","embeddable":true,"href":"https:\/\/harleydavidsontoluca.com\/shop\/wp-json\/wp\/v2\/product_brand?post=2843"},{"taxonomy":"product_cat","embeddable":true,"href":"https:\/\/harleydavidsontoluca.com\/shop\/wp-json\/wp\/v2\/product_cat?post=2843"},{"taxonomy":"product_tag","embeddable":true,"href":"https:\/\/harleydavidsontoluca.com\/shop\/wp-json\/wp\/v2\/product_tag?post=2843"}],"curies":[{"name":"wp","href":"https:\/\/api.w.org\/{rel}","templated":true}]}}