
{"id":2522,"date":"2017-05-31T16:28:08","date_gmt":"2017-05-31T16:28:08","guid":{"rendered":"https:\/\/harleydavidsontoluca.com\/shop\/?post_type=product&#038;p=2522"},"modified":"2023-11-24T10:18:50","modified_gmt":"2023-11-24T16:18:50","slug":"harley-davidson-mens-capstone-bs-retractable-sun-shield-gloss-black-full-face-modular-helmet","status":"publish","type":"product","link":"https:\/\/harleydavidsontoluca.com\/shop\/producto\/harley-davidson-mens-capstone-bs-retractable-sun-shield-gloss-black-full-face-modular-helmet\/","title":{"rendered":"Harley-Davidson\u00ae Mens Capstone B&amp;S Retractable Sun Shield Gloss Black Full Face Modular Helmet"},"content":{"rendered":"<p>EN CASCOS NO TENEMOS CAMBIOS NI DEVOLUCIONES<\/p>\n<p><span class=\"\" lang=\"es\">Casco modular. La c<\/span><span lang=\"es\">arcasa es de compuesto de policarbonato avanzado, viene con doble correa para la barbilla con anillo en D. <\/span>Sistema avanzado de ventilaci\u00f3n para un flujo de aire completo de adelante hacia atr\u00e1s, para ayudar a eliminar el calor y la humedad. El protector para el rostro cuenta con protecci\u00f3n UV del 95%, un revestimiento anti-rayado, y utiliza el sistema de reemplazo de escudo QuickSlide \u2122 para una extracci\u00f3n, instalaci\u00f3n r\u00e1pida y segura. El revestimiento interior SuperCool\u00ae, absorbente de la humedad, antibacteriano es extra\u00edble y lavable. Cuenta con gr\u00e1ficos personalizados e incluye una bolsa para el casco. Cumple con los requisitos del DOT. <span class=\"\">HJC, por lo que no puede devolverse o cambiarse. Peso 1,730 grms.\u00a0<\/span><\/p>\n","protected":false},"excerpt":{"rendered":"<p>EN CASCOS NO TENEMOS CAMBIOS NI DEVOLUCIONES<\/p>\n<p><span class=\"\" lang=\"es\">Casco modular. La c<\/span><span lang=\"es\">arcasa es de compuesto de policarbonato avanzado, viene con doble correa para la barbilla con anillo en D. <\/span>Sistema avanzado de ventilaci\u00f3n para un flujo de aire completo de adelante hacia atr\u00e1s, para ayudar a eliminar el calor y la humedad. El protector para el rostro cuenta con protecci\u00f3n UV del 95%, un revestimiento anti-rayado, y utiliza el sistema de reemplazo de escudo QuickSlide \u2122 para una extracci\u00f3n, instalaci\u00f3n r\u00e1pida y segura. El revestimiento interior SuperCool\u00ae, absorbente de la humedad, antibacteriano es extra\u00edble y lavable. Cuenta con gr\u00e1ficos personalizados e incluye una bolsa para el casco. Cumple con los requisitos del DOT. <span class=\"\">HJC, por lo que no puede devolverse o cambiarse. Peso 1,730 grms.\u00a0<\/span><\/p>\n<p>H24 Repuestos: inserto de visera resistente a la niebla en Clear. Cortina para el ment\u00f3n en Black (SE VENDEN POR SEPARADO)<\/p>\n","protected":false},"featured_media":39774,"template":"","meta":[],"product_brand":[],"product_cat":[45,24],"product_tag":[],"class_list":{"0":"post-2522","1":"product","2":"type-product","3":"status-publish","4":"has-post-thumbnail","6":"product_cat-cascos","7":"product_cat-hombre","8":"pa_talla-l","9":"pa_talla-m","10":"pa_talla-s","11":"pa_talla-xl","12":"pa_talla-xs","13":"pa_talla-xxl","14":"pa_talla-xxxl","16":"first","17":"outofstock","18":"taxable","19":"shipping-taxable","20":"product-type-variable","21":"has-default-attributes"},"yoast_head":"<!-- This site is optimized with the Yoast SEO plugin v27.4 - https:\/\/yoast.com\/product\/yoast-seo-wordpress\/ -->\n<title>Harley-Davidson\u00ae Mens Capstone B&amp;S Retractable Sun Shield Gloss Black Full Face Modular Helmet - Tienda oficial H-D Toluca<\/title>\n<meta name=\"robots\" content=\"index, follow, max-snippet:-1, max-image-preview:large, max-video-preview:-1\" \/>\n<link rel=\"canonical\" href=\"https:\/\/harleydavidsontoluca.com\/shop\/producto\/harley-davidson-mens-capstone-bs-retractable-sun-shield-gloss-black-full-face-modular-helmet\/\" \/>\n<meta property=\"og:locale\" content=\"es_MX\" \/>\n<meta property=\"og:type\" content=\"article\" \/>\n<meta property=\"og:title\" content=\"Harley-Davidson\u00ae Mens Capstone B&amp;S Retractable Sun Shield Gloss Black Full Face Modular Helmet - Tienda oficial H-D Toluca\" \/>\n<meta property=\"og:description\" content=\"EN CASCOS NO TENEMOS CAMBIOS NI DEVOLUCIONES  Casco modular. La carcasa es de compuesto de policarbonato avanzado, viene con doble correa para la barbilla con anillo en D. Sistema avanzado de ventilaci\u00f3n para un flujo de aire completo de adelante hacia atr\u00e1s, para ayudar a eliminar el calor y la humedad. El protector para el rostro cuenta con protecci\u00f3n UV del 95%, un revestimiento anti-rayado, y utiliza el sistema de reemplazo de escudo QuickSlide \u2122 para una extracci\u00f3n, instalaci\u00f3n r\u00e1pida y segura. El revestimiento interior SuperCool\u00ae, absorbente de la humedad, antibacteriano es extra\u00edble y lavable. Cuenta con gr\u00e1ficos personalizados e incluye una bolsa para el casco. Cumple con los requisitos del DOT. HJC, por lo que no puede devolverse o cambiarse. Peso 1,730 grms.\u00a0  H24 Repuestos: inserto de visera resistente a la niebla en Clear. Cortina para el ment\u00f3n en Black (SE VENDEN POR SEPARADO)\" \/>\n<meta property=\"og:url\" content=\"https:\/\/harleydavidsontoluca.com\/shop\/producto\/harley-davidson-mens-capstone-bs-retractable-sun-shield-gloss-black-full-face-modular-helmet\/\" \/>\n<meta property=\"og:site_name\" content=\"Tienda oficial H-D Toluca\" \/>\n<meta property=\"article:publisher\" content=\"https:\/\/www.facebook.com\/HarleyDavidsonToluca\" \/>\n<meta property=\"article:modified_time\" content=\"2023-11-24T16:18:50+00:00\" \/>\n<meta property=\"og:image\" content=\"https:\/\/harleydavidsontoluca.com\/shop\/wp-content\/uploads\/2017\/05\/98369-15vm.jpeg\" \/>\n\t<meta property=\"og:image:width\" content=\"750\" \/>\n\t<meta property=\"og:image:height\" content=\"789\" \/>\n\t<meta property=\"og:image:type\" content=\"image\/jpeg\" \/>\n<meta name=\"twitter:card\" content=\"summary_large_image\" \/>\n<meta name=\"twitter:label1\" content=\"Tiempo de lectura\" \/>\n\t<meta name=\"twitter:data1\" content=\"1 minuto\" \/>\n<script type=\"application\/ld+json\" class=\"yoast-schema-graph\">{\"@context\":\"https:\\\/\\\/schema.org\",\"@graph\":[{\"@type\":\"WebPage\",\"@id\":\"https:\\\/\\\/harleydavidsontoluca.com\\\/shop\\\/producto\\\/harley-davidson-mens-capstone-bs-retractable-sun-shield-gloss-black-full-face-modular-helmet\\\/\",\"url\":\"https:\\\/\\\/harleydavidsontoluca.com\\\/shop\\\/producto\\\/harley-davidson-mens-capstone-bs-retractable-sun-shield-gloss-black-full-face-modular-helmet\\\/\",\"name\":\"Harley-Davidson\u00ae Mens Capstone B&amp;S Retractable Sun Shield Gloss Black Full Face Modular Helmet - Tienda oficial H-D Toluca\",\"isPartOf\":{\"@id\":\"https:\\\/\\\/harleydavidsontoluca.com\\\/shop\\\/#website\"},\"primaryImageOfPage\":{\"@id\":\"https:\\\/\\\/harleydavidsontoluca.com\\\/shop\\\/producto\\\/harley-davidson-mens-capstone-bs-retractable-sun-shield-gloss-black-full-face-modular-helmet\\\/#primaryimage\"},\"image\":{\"@id\":\"https:\\\/\\\/harleydavidsontoluca.com\\\/shop\\\/producto\\\/harley-davidson-mens-capstone-bs-retractable-sun-shield-gloss-black-full-face-modular-helmet\\\/#primaryimage\"},\"thumbnailUrl\":\"https:\\\/\\\/harleydavidsontoluca.com\\\/shop\\\/wp-content\\\/uploads\\\/2017\\\/05\\\/98369-15vm.jpeg\",\"datePublished\":\"2017-05-31T16:28:08+00:00\",\"dateModified\":\"2023-11-24T16:18:50+00:00\",\"breadcrumb\":{\"@id\":\"https:\\\/\\\/harleydavidsontoluca.com\\\/shop\\\/producto\\\/harley-davidson-mens-capstone-bs-retractable-sun-shield-gloss-black-full-face-modular-helmet\\\/#breadcrumb\"},\"inLanguage\":\"es\",\"potentialAction\":[{\"@type\":\"ReadAction\",\"target\":[\"https:\\\/\\\/harleydavidsontoluca.com\\\/shop\\\/producto\\\/harley-davidson-mens-capstone-bs-retractable-sun-shield-gloss-black-full-face-modular-helmet\\\/\"]}]},{\"@type\":\"ImageObject\",\"inLanguage\":\"es\",\"@id\":\"https:\\\/\\\/harleydavidsontoluca.com\\\/shop\\\/producto\\\/harley-davidson-mens-capstone-bs-retractable-sun-shield-gloss-black-full-face-modular-helmet\\\/#primaryimage\",\"url\":\"https:\\\/\\\/harleydavidsontoluca.com\\\/shop\\\/wp-content\\\/uploads\\\/2017\\\/05\\\/98369-15vm.jpeg\",\"contentUrl\":\"https:\\\/\\\/harleydavidsontoluca.com\\\/shop\\\/wp-content\\\/uploads\\\/2017\\\/05\\\/98369-15vm.jpeg\",\"width\":750,\"height\":789,\"caption\":\"{\\\"source_sid\\\":\\\"6965460C-581D-46FB-BE76-C106DB56C279_1593197287403\\\",\\\"subsource\\\":\\\"done_button\\\",\\\"uid\\\":\\\"6965460C-581D-46FB-BE76-C106DB56C279_1593197287393\\\",\\\"source\\\":\\\"other\\\",\\\"origin\\\":\\\"gallery\\\"}\"},{\"@type\":\"BreadcrumbList\",\"@id\":\"https:\\\/\\\/harleydavidsontoluca.com\\\/shop\\\/producto\\\/harley-davidson-mens-capstone-bs-retractable-sun-shield-gloss-black-full-face-modular-helmet\\\/#breadcrumb\",\"itemListElement\":[{\"@type\":\"ListItem\",\"position\":1,\"name\":\"Portada\",\"item\":\"https:\\\/\\\/harleydavidsontoluca.com\\\/shop\\\/\"},{\"@type\":\"ListItem\",\"position\":2,\"name\":\"Tienda\",\"item\":\"https:\\\/\\\/harleydavidsontoluca.com\\\/shop\\\/tienda\\\/\"},{\"@type\":\"ListItem\",\"position\":3,\"name\":\"Harley-Davidson\u00ae Mens Capstone B&amp;S Retractable Sun Shield Gloss Black Full Face Modular Helmet\"}]},{\"@type\":\"WebSite\",\"@id\":\"https:\\\/\\\/harleydavidsontoluca.com\\\/shop\\\/#website\",\"url\":\"https:\\\/\\\/harleydavidsontoluca.com\\\/shop\\\/\",\"name\":\"Shop H-D Toluca\",\"description\":\"Shop H-D Toluca\",\"publisher\":{\"@id\":\"https:\\\/\\\/harleydavidsontoluca.com\\\/shop\\\/#organization\"},\"potentialAction\":[{\"@type\":\"SearchAction\",\"target\":{\"@type\":\"EntryPoint\",\"urlTemplate\":\"https:\\\/\\\/harleydavidsontoluca.com\\\/shop\\\/?s={search_term_string}\"},\"query-input\":{\"@type\":\"PropertyValueSpecification\",\"valueRequired\":true,\"valueName\":\"search_term_string\"}}],\"inLanguage\":\"es\"},{\"@type\":\"Organization\",\"@id\":\"https:\\\/\\\/harleydavidsontoluca.com\\\/shop\\\/#organization\",\"name\":\"Concesionaria Central de Motos\",\"url\":\"https:\\\/\\\/harleydavidsontoluca.com\\\/shop\\\/\",\"logo\":{\"@type\":\"ImageObject\",\"inLanguage\":\"es\",\"@id\":\"https:\\\/\\\/harleydavidsontoluca.com\\\/shop\\\/#\\\/schema\\\/logo\\\/image\\\/\",\"url\":\"https:\\\/\\\/harleydavidsontoluca.com\\\/shop\\\/wp-content\\\/uploads\\\/2024\\\/02\\\/cropped-Logo-512.png\",\"contentUrl\":\"https:\\\/\\\/harleydavidsontoluca.com\\\/shop\\\/wp-content\\\/uploads\\\/2024\\\/02\\\/cropped-Logo-512.png\",\"width\":512,\"height\":512,\"caption\":\"Concesionaria Central de Motos\"},\"image\":{\"@id\":\"https:\\\/\\\/harleydavidsontoluca.com\\\/shop\\\/#\\\/schema\\\/logo\\\/image\\\/\"},\"sameAs\":[\"https:\\\/\\\/www.facebook.com\\\/HarleyDavidsonToluca\",\"https:\\\/\\\/www.instagram.com\\\/hdtoluca\\\/\"]}]}<\/script>\n<!-- \/ Yoast SEO plugin. -->","yoast_head_json":{"title":"Harley-Davidson\u00ae Mens Capstone B&amp;S Retractable Sun Shield Gloss Black Full Face Modular Helmet - Tienda oficial H-D Toluca","robots":{"index":"index","follow":"follow","max-snippet":"max-snippet:-1","max-image-preview":"max-image-preview:large","max-video-preview":"max-video-preview:-1"},"canonical":"https:\/\/harleydavidsontoluca.com\/shop\/producto\/harley-davidson-mens-capstone-bs-retractable-sun-shield-gloss-black-full-face-modular-helmet\/","og_locale":"es_MX","og_type":"article","og_title":"Harley-Davidson\u00ae Mens Capstone B&amp;S Retractable Sun Shield Gloss Black Full Face Modular Helmet - Tienda oficial H-D Toluca","og_description":"EN CASCOS NO TENEMOS CAMBIOS NI DEVOLUCIONES  Casco modular. La carcasa es de compuesto de policarbonato avanzado, viene con doble correa para la barbilla con anillo en D. Sistema avanzado de ventilaci\u00f3n para un flujo de aire completo de adelante hacia atr\u00e1s, para ayudar a eliminar el calor y la humedad. El protector para el rostro cuenta con protecci\u00f3n UV del 95%, un revestimiento anti-rayado, y utiliza el sistema de reemplazo de escudo QuickSlide \u2122 para una extracci\u00f3n, instalaci\u00f3n r\u00e1pida y segura. El revestimiento interior SuperCool\u00ae, absorbente de la humedad, antibacteriano es extra\u00edble y lavable. Cuenta con gr\u00e1ficos personalizados e incluye una bolsa para el casco. Cumple con los requisitos del DOT. HJC, por lo que no puede devolverse o cambiarse. Peso 1,730 grms.\u00a0  H24 Repuestos: inserto de visera resistente a la niebla en Clear. Cortina para el ment\u00f3n en Black (SE VENDEN POR SEPARADO)","og_url":"https:\/\/harleydavidsontoluca.com\/shop\/producto\/harley-davidson-mens-capstone-bs-retractable-sun-shield-gloss-black-full-face-modular-helmet\/","og_site_name":"Tienda oficial H-D Toluca","article_publisher":"https:\/\/www.facebook.com\/HarleyDavidsonToluca","article_modified_time":"2023-11-24T16:18:50+00:00","og_image":[{"width":750,"height":789,"url":"https:\/\/harleydavidsontoluca.com\/shop\/wp-content\/uploads\/2017\/05\/98369-15vm.jpeg","type":"image\/jpeg"}],"twitter_card":"summary_large_image","twitter_misc":{"Tiempo de lectura":"1 minuto"},"schema":{"@context":"https:\/\/schema.org","@graph":[{"@type":"WebPage","@id":"https:\/\/harleydavidsontoluca.com\/shop\/producto\/harley-davidson-mens-capstone-bs-retractable-sun-shield-gloss-black-full-face-modular-helmet\/","url":"https:\/\/harleydavidsontoluca.com\/shop\/producto\/harley-davidson-mens-capstone-bs-retractable-sun-shield-gloss-black-full-face-modular-helmet\/","name":"Harley-Davidson\u00ae Mens Capstone B&amp;S Retractable Sun Shield Gloss Black Full Face Modular Helmet - Tienda oficial H-D Toluca","isPartOf":{"@id":"https:\/\/harleydavidsontoluca.com\/shop\/#website"},"primaryImageOfPage":{"@id":"https:\/\/harleydavidsontoluca.com\/shop\/producto\/harley-davidson-mens-capstone-bs-retractable-sun-shield-gloss-black-full-face-modular-helmet\/#primaryimage"},"image":{"@id":"https:\/\/harleydavidsontoluca.com\/shop\/producto\/harley-davidson-mens-capstone-bs-retractable-sun-shield-gloss-black-full-face-modular-helmet\/#primaryimage"},"thumbnailUrl":"https:\/\/harleydavidsontoluca.com\/shop\/wp-content\/uploads\/2017\/05\/98369-15vm.jpeg","datePublished":"2017-05-31T16:28:08+00:00","dateModified":"2023-11-24T16:18:50+00:00","breadcrumb":{"@id":"https:\/\/harleydavidsontoluca.com\/shop\/producto\/harley-davidson-mens-capstone-bs-retractable-sun-shield-gloss-black-full-face-modular-helmet\/#breadcrumb"},"inLanguage":"es","potentialAction":[{"@type":"ReadAction","target":["https:\/\/harleydavidsontoluca.com\/shop\/producto\/harley-davidson-mens-capstone-bs-retractable-sun-shield-gloss-black-full-face-modular-helmet\/"]}]},{"@type":"ImageObject","inLanguage":"es","@id":"https:\/\/harleydavidsontoluca.com\/shop\/producto\/harley-davidson-mens-capstone-bs-retractable-sun-shield-gloss-black-full-face-modular-helmet\/#primaryimage","url":"https:\/\/harleydavidsontoluca.com\/shop\/wp-content\/uploads\/2017\/05\/98369-15vm.jpeg","contentUrl":"https:\/\/harleydavidsontoluca.com\/shop\/wp-content\/uploads\/2017\/05\/98369-15vm.jpeg","width":750,"height":789,"caption":"{\"source_sid\":\"6965460C-581D-46FB-BE76-C106DB56C279_1593197287403\",\"subsource\":\"done_button\",\"uid\":\"6965460C-581D-46FB-BE76-C106DB56C279_1593197287393\",\"source\":\"other\",\"origin\":\"gallery\"}"},{"@type":"BreadcrumbList","@id":"https:\/\/harleydavidsontoluca.com\/shop\/producto\/harley-davidson-mens-capstone-bs-retractable-sun-shield-gloss-black-full-face-modular-helmet\/#breadcrumb","itemListElement":[{"@type":"ListItem","position":1,"name":"Portada","item":"https:\/\/harleydavidsontoluca.com\/shop\/"},{"@type":"ListItem","position":2,"name":"Tienda","item":"https:\/\/harleydavidsontoluca.com\/shop\/tienda\/"},{"@type":"ListItem","position":3,"name":"Harley-Davidson\u00ae Mens Capstone B&amp;S Retractable Sun Shield Gloss Black Full Face Modular Helmet"}]},{"@type":"WebSite","@id":"https:\/\/harleydavidsontoluca.com\/shop\/#website","url":"https:\/\/harleydavidsontoluca.com\/shop\/","name":"Shop H-D Toluca","description":"Shop H-D Toluca","publisher":{"@id":"https:\/\/harleydavidsontoluca.com\/shop\/#organization"},"potentialAction":[{"@type":"SearchAction","target":{"@type":"EntryPoint","urlTemplate":"https:\/\/harleydavidsontoluca.com\/shop\/?s={search_term_string}"},"query-input":{"@type":"PropertyValueSpecification","valueRequired":true,"valueName":"search_term_string"}}],"inLanguage":"es"},{"@type":"Organization","@id":"https:\/\/harleydavidsontoluca.com\/shop\/#organization","name":"Concesionaria Central de Motos","url":"https:\/\/harleydavidsontoluca.com\/shop\/","logo":{"@type":"ImageObject","inLanguage":"es","@id":"https:\/\/harleydavidsontoluca.com\/shop\/#\/schema\/logo\/image\/","url":"https:\/\/harleydavidsontoluca.com\/shop\/wp-content\/uploads\/2024\/02\/cropped-Logo-512.png","contentUrl":"https:\/\/harleydavidsontoluca.com\/shop\/wp-content\/uploads\/2024\/02\/cropped-Logo-512.png","width":512,"height":512,"caption":"Concesionaria Central de Motos"},"image":{"@id":"https:\/\/harleydavidsontoluca.com\/shop\/#\/schema\/logo\/image\/"},"sameAs":["https:\/\/www.facebook.com\/HarleyDavidsonToluca","https:\/\/www.instagram.com\/hdtoluca\/"]}]}},"_links":{"self":[{"href":"https:\/\/harleydavidsontoluca.com\/shop\/wp-json\/wp\/v2\/product\/2522","targetHints":{"allow":["GET"]}}],"collection":[{"href":"https:\/\/harleydavidsontoluca.com\/shop\/wp-json\/wp\/v2\/product"}],"about":[{"href":"https:\/\/harleydavidsontoluca.com\/shop\/wp-json\/wp\/v2\/types\/product"}],"wp:featuredmedia":[{"embeddable":true,"href":"https:\/\/harleydavidsontoluca.com\/shop\/wp-json\/wp\/v2\/media\/39774"}],"wp:attachment":[{"href":"https:\/\/harleydavidsontoluca.com\/shop\/wp-json\/wp\/v2\/media?parent=2522"}],"wp:term":[{"taxonomy":"product_brand","embeddable":true,"href":"https:\/\/harleydavidsontoluca.com\/shop\/wp-json\/wp\/v2\/product_brand?post=2522"},{"taxonomy":"product_cat","embeddable":true,"href":"https:\/\/harleydavidsontoluca.com\/shop\/wp-json\/wp\/v2\/product_cat?post=2522"},{"taxonomy":"product_tag","embeddable":true,"href":"https:\/\/harleydavidsontoluca.com\/shop\/wp-json\/wp\/v2\/product_tag?post=2522"}],"curies":[{"name":"wp","href":"https:\/\/api.w.org\/{rel}","templated":true}]}}